{"id":8180,"date":"2021-07-19T15:29:27","date_gmt":"2021-07-19T13:29:27","guid":{"rendered":"https:\/\/www.laboratoriolcn.com\/politica-de-cookies\/"},"modified":"2023-06-21T09:25:13","modified_gmt":"2023-06-21T07:25:13","slug":"politica-de-cookies","status":"publish","type":"page","link":"https:\/\/www.laboratoriolcn.com\/pt\/politica-de-cookies\/","title":{"rendered":"Pol\u00edtica de cookies"},"content":{"rendered":"\n<p>Esta Pol\u00edtica de Cookies faz parte da Pol\u00edtica de Privacidade do <strong>LABORATORIO DE COMPLEMENTOS NUTRICIONALES, S.L.<\/strong> e, em concreto, refere-se \u00e0 p\u00e1gina web de sua propriedade, <em>www.laboratoriolcn.com<\/em>.<\/p>\n\n\n\n<p>O acesso e a navega\u00e7\u00e3o na p\u00e1gina web ou a utiliza\u00e7\u00e3o dos servi\u00e7os da mesma, implicam a aceita\u00e7\u00e3o da utiliza\u00e7\u00e3o que fazemos dos cookies e desta Pol\u00edtica.<\/p>\n\n\n\n<p><strong>POL\u00cdTICA DE COOKIES DE LABORATORIOLCN.COM<\/strong><\/p>\n\n\n\n<p>Quando navega na p\u00e1gina laboratoriolcn.com, poder\u00e1 descarregar no seu navegador, cookies pr\u00f3prios ou de terceiros. Esta pol\u00edtica de privacidade explica o que s\u00e3o os cookies, que tipo de cookies utilizamos na p\u00e1gina laboratoriolcn.com e ajudamo-lo a saber como configurar o seu navegador para rejeit\u00e1-los. <\/p>\n\n\n\n<p><strong>O QUE \u00c9 UM COOKIE?<\/strong><\/p>\n\n\n\n<p>Os cookies s\u00e3o ficheiros enviados para o navegador do seu computador, a partir do servidor web da p\u00e1gina que visita. Uma vez instalados no seu navegador, estes ficheiros n\u00e3o o reconhecem pessoalmente, mas permitem recolher informa\u00e7\u00f5es muito \u00fateis e at\u00e9 necess\u00e1rias para a nossa p\u00e1gina web, por exemplo, permitem manter a seguran\u00e7a das \u00e1reas privadas da p\u00e1gina web, que o navegador que utiliza se lembre das suas prefer\u00eancias, que possamos personalizar o conte\u00fado da p\u00e1gina web de forma que seja mais pertinente para si, que possamos contabilizar o n\u00famero de visitas que recebemos em cada p\u00e1gina e que possamos fazer an\u00e1lises estat\u00edsticas an\u00f3nimas para melhorar o nosso servi\u00e7o. <\/p>\n\n\n\n<p>Sempre que se possa relacionar um determinado equipamento e um navegador com um utilizador, pode ver a sua privacidade afetada e, por isso, informamo-lo que pode desativar os cookies atrav\u00e9s da configura\u00e7\u00e3o do seu navegador (ver par\u00e1grafo &#8220;COMO DESATIVAR OS COOKIES&#8221;).<\/p>\n\n\n\n<p><strong>O QUE ACONTECE SE PERMITIR A UTILIZA\u00c7\u00c3O DOS NOSSOS COOKIES NO SEU NAVEGADOR?<\/strong><\/p>\n\n\n\n<p>Se decidir permitir a utiliza\u00e7\u00e3o de cookies da nossa parte, poder\u00e1 obter uma melhor experi\u00eancia na nossa p\u00e1gina web. Al\u00e9m disso, existem algumas a\u00e7\u00f5es b\u00e1sicas que exigem cookies, tais como os slides de imagens ou a navega\u00e7\u00e3o por menus. <\/p>\n\n\n\n<p><strong>TIPOLOGIA DE COOKIES UTILIZADOS<\/strong><\/p>\n\n\n\n<script id=\"CookieDeclaration\" src=\"https:\/\/consent.cookiebot.com\/195609ab-b16c-4ee4-8c34-0cbf47520c80\/cd.js\" type=\"text\/javascript\" async=\"\" data-culture=\"pt\"><\/script>\n<style>\n.page-content .CookieDeclaration .CookieDeclarationDialogText,\n.page-content .CookieDeclaration .CookieDeclarationIntro {\n    display: none;\n}\n<\/style>\n","protected":false},"excerpt":{"rendered":"<p>Esta Pol\u00edtica de Cookies faz parte da Pol\u00edtica de Privacidade do LABORATORIO DE COMPLEMENTOS NUTRICIONALES, S.L. e, em concreto, refere-se \u00e0 p\u00e1gina web de sua propriedade, www.laboratoriolcn.com. O acesso e a navega\u00e7\u00e3o na p\u00e1gina web ou a utiliza\u00e7\u00e3o dos servi\u00e7os da mesma, implicam a aceita\u00e7\u00e3o da utiliza\u00e7\u00e3o que fazemos dos cookies e desta Pol\u00edtica. POL\u00cdTICA [&hellip;]<\/p>\n","protected":false},"author":1,"featured_media":0,"parent":0,"menu_order":61,"comment_status":"closed","ping_status":"closed","template":"","meta":{"_acf_changed":false,"footnotes":""},"class_list":["post-8180","page","type-page","status-publish","hentry"],"acf":[],"_links":{"self":[{"href":"https:\/\/www.laboratoriolcn.com\/pt\/wp-json\/wp\/v2\/pages\/8180","targetHints":{"allow":["GET"]}}],"collection":[{"href":"https:\/\/www.laboratoriolcn.com\/pt\/wp-json\/wp\/v2\/pages"}],"about":[{"href":"https:\/\/www.laboratoriolcn.com\/pt\/wp-json\/wp\/v2\/types\/page"}],"author":[{"embeddable":true,"href":"https:\/\/www.laboratoriolcn.com\/pt\/wp-json\/wp\/v2\/users\/1"}],"replies":[{"embeddable":true,"href":"https:\/\/www.laboratoriolcn.com\/pt\/wp-json\/wp\/v2\/comments?post=8180"}],"version-history":[{"count":2,"href":"https:\/\/www.laboratoriolcn.com\/pt\/wp-json\/wp\/v2\/pages\/8180\/revisions"}],"predecessor-version":[{"id":20891,"href":"https:\/\/www.laboratoriolcn.com\/pt\/wp-json\/wp\/v2\/pages\/8180\/revisions\/20891"}],"wp:attachment":[{"href":"https:\/\/www.laboratoriolcn.com\/pt\/wp-json\/wp\/v2\/media?parent=8180"}],"curies":[{"name":"wp","href":"https:\/\/api.w.org\/{rel}","templated":true}]}}