{"id":8176,"date":"2021-07-19T13:35:29","date_gmt":"2021-07-19T11:35:29","guid":{"rendered":"https:\/\/www.laboratoriolcn.com\/aviso-legal\/"},"modified":"2021-09-02T13:17:42","modified_gmt":"2021-09-02T11:17:42","slug":"aviso-legal","status":"publish","type":"page","link":"https:\/\/www.laboratoriolcn.com\/pt\/aviso-legal\/","title":{"rendered":"Aviso legal"},"content":{"rendered":"<p><strong>Identifica\u00e7\u00e3o<\/strong> &#8211; <strong>LABORATORIO DE COMPLEMENTOS NUTRICIONALES<\/strong>, S.L. daqui em diante denominado de LCN, \u00e9 um laborat\u00f3rio de complementos nutricionais e de apoio nutricional, que se dedica \u00e0 investiga\u00e7\u00e3o sobre a utiliza\u00e7\u00e3o dos nutrientes em combina\u00e7\u00e3o com a alimenta\u00e7\u00e3o, para proporcionar ao m\u00e9dico e ao farmac\u00eautico elementos para o controlo dos desequil\u00edbrios nutricionais dos seus pacientes cr\u00f3nicos, que contribuem na sua pr\u00e1tica profissional como solu\u00e7\u00f5es para melhorar a sua evolu\u00e7\u00e3o e qualidade de vida. <\/p>\n<p>Identidade do respons\u00e1vel pela p\u00e1gina <em>www.laboratoriolcn.com<\/em>:<\/p>\n<ul>\n<li>LABORATORIO DE COMPLEMENTOS NUTRICIONALES, S.L.<\/li>\n<li>NIF\/CIF: B65114274<\/li>\n<li>Endere\u00e7o: Cale Paris, 184, 2\u00ba-2\u00aa, 08036, Barcelona<\/li>\n<li>Telefone: 34 934145166<\/li>\n<li>Fax: 34 932001582<\/li>\n<li>E-mail: <a href=\"mailto:info@laboratoriolcn.com\">info@laboratoriolcn.com<\/a><\/li>\n<\/ul>\n<p>A Sociedade encontra-se inscrita no Registo Comercial de Barcelona, Volume 41352, P\u00e1gina 209, Folha B391247, Inscri\u00e7\u00e3o 1.\u00aa. Com o n\u00famero de identifica\u00e7\u00e3o fiscal: B65114274. <\/p>\n<p>Inscrita no Registo Geral Sanit\u00e1rio de Alimentos da Ag\u00eancia de Prote\u00e7\u00e3o da Sa\u00fade, com o n\u00famero 26.11578\/B, emitido pela Ag\u00eancia Espanhola de Seguran\u00e7a Alimentar do Minist\u00e9rio da Sa\u00fade e da Pol\u00edtica Social.<strong> <\/strong><\/p>\n<p><strong>Acesso e utiliza\u00e7\u00e3o da p\u00e1gina WEB.-<\/strong> O acesso a esta p\u00e1gina dever\u00e1 cumprir as condi\u00e7\u00f5es gerais impostas pelo LCN.<\/p>\n<p>Ao LCN reserva-se o poder de suprimir, modificar e\/ou atualizar todo ou parte do seu conte\u00fado, adapt\u00e1-lo e\/ou ampli\u00e1-lo segundo os resultados da sua atividade de investiga\u00e7\u00e3o, o que poder\u00e1 fazer sem aviso pr\u00e9vio.<\/p>\n<p>O LCN reserva-se o direito de recusar, ou retirar o acesso aos seus conte\u00fados, em qualquer momento, e sem necessidade de aviso pr\u00e9vio, a qualquer utilizador que n\u00e3o cumpra com as condi\u00e7\u00f5es, e n\u00e3o respeite as proibi\u00e7\u00f5es contidas neste aviso legal.<\/p>\n<p>O LCN n\u00e3o exige subscri\u00e7\u00e3o pr\u00e9via ou registo como utilizador para permitir o acesso a esta p\u00e1gina Web, mas informa-se que os conte\u00fados da mesma s\u00e3o dirigidos aos utilizadores profissionais de sa\u00fade, de prefer\u00eancia m\u00e9dicos e farmac\u00eauticos.<\/p>\n<p><strong>Tratamento de dados relativos a menores de idade e a pessoas com defici\u00eancia.<\/strong><\/p>\n<p>Por favor, se n\u00e3o tem, pelo menos, 18 anos de idade e n\u00e3o tem plena capacidade para agir legalmente, abstenha-se de fornecer dados pessoais nos formul\u00e1rios desta p\u00e1gina web. O LABORATORIO DE COMPLEMENTOS NUTRICIONALES, S.L. n\u00e3o trata dados de menores de 18 anos, nem de pessoas com defici\u00eancia. <\/p>\n<p><strong>Responsabilidade<\/strong> .- A utiliza\u00e7\u00e3o efetuada pelo utilizador em rela\u00e7\u00e3o \u00e0 informa\u00e7\u00e3o que \u00e9 fornecida nesta p\u00e1gina Web, ser\u00e1 da sua exclusiva responsabilidade, pelo que o LCN n\u00e3o se responsabiliza pelo dano ou preju\u00edzo que dela possa derivar.<\/p>\n<p>O LCN coloca \u00e0 disposi\u00e7\u00e3o dos utilizadores informa\u00e7\u00e3o cient\u00edfica e sobre os produtos que s\u00e3o resultados de trabalhos de investiga\u00e7\u00e3o pr\u00e9via, mas, em caso algum, esses resultados s\u00e3o apresentados como os \u00fanicos rem\u00e9dios, ou como promessa de cura, mas sim apresentados como produtos que, juntamente com uma alimenta\u00e7\u00e3o equilibrada, contribuem para a evolu\u00e7\u00e3o favor\u00e1vel de processos patol\u00f3gicos concretos, e em nenhum caso pretendem substituir a a\u00e7\u00e3o dos medicamentos, nem contradizer a sua efic\u00e1cia baseada na evid\u00eancia.<\/p>\n<p>O utilizador responder\u00e1 pela m\u00e1 utiliza\u00e7\u00e3o ou pela utiliza\u00e7\u00e3o il\u00edcita das informa\u00e7\u00f5es contidas nesta p\u00e1gina Web, e dever\u00e1 indemnizar o LCN pelos danos e preju\u00edzos causados em virtude dessa utiliza\u00e7\u00e3o il\u00edcita.<\/p>\n<p>\u00c9 proibido estabelecer uma liga\u00e7\u00e3o a partir de qualquer URL para a p\u00e1gina Web do LCN, sem o consentimento expresso do LCN.<\/p>\n<p>O LCN n\u00e3o se responsabiliza pelas falhas de servi\u00e7o imput\u00e1veis ao servidor, bem como pelos danos que qualquer v\u00edrus inform\u00e1tico possa causar.<\/p>\n<p>O utilizador pode visualizar e imprimir as informa\u00e7\u00f5es contidas nesta p\u00e1gina para utiliza\u00e7\u00e3o exclusivamente pessoal.<\/p>\n<p>O LCN n\u00e3o comercializa nem oferece os seus produtos atrav\u00e9s desta p\u00e1gina, simplesmente realiza um trabalho de informa\u00e7\u00e3o sobre os resultados dos estudos que levaram \u00e0 sua atividade produtiva. O consumidor precisar\u00e1 de indica\u00e7\u00e3o pr\u00e9via do seu m\u00e9dico, e poder\u00e1 adquiri-los nas farm\u00e1cias legalmente autorizadas.<strong> <\/strong><\/p>\n<p><strong>Propriedade intelectual e industrial.- O LCN <\/strong>\u00e9 propriet\u00e1rio exclusivo e possui todos os direitos de autor e outros direitos de propriedade intelectual sobre os textos, imagens e, no geral, sobre todos os conte\u00fados desta p\u00e1gina Web, pelo que \u00e9 proibida a sua reprodu\u00e7\u00e3o total e\/ou parcial sem autoriza\u00e7\u00e3o pr\u00e9via do LCN. Al\u00e9m disso, a marca tamb\u00e9m pertence ao LCN e \u00e9 proibida qualquer utiliza\u00e7\u00e3o ileg\u00edtima que infrinja a prote\u00e7\u00e3o que a Lei de Patentes e Marcas outorga.<\/p>\n<p>Os conte\u00fados da p\u00e1gina fazem parte do resultado de um extenso trabalho de investiga\u00e7\u00e3o. O resultado dessa investiga\u00e7\u00e3o pertence ao LCN, pelo que \u00e9 proibida qualquer utiliza\u00e7\u00e3o que implique uma apropria\u00e7\u00e3o da sua autoria e a explora\u00e7\u00e3o dos direitos de propriedade intelectual correspondentes.<\/p>\n<p>Os direitos morais sobre os artigos e colabora\u00e7\u00f5es doutrinais e\/ou cient\u00edficas, ou de qualquer tipo, pertencem aos seus respetivos autores, sem preju\u00edzo de que os direitos de explora\u00e7\u00e3o ser\u00e3o do LCN.<\/p>\n<p>O LCN n\u00e3o outorga nenhuma licen\u00e7a ou autoriza\u00e7\u00e3o para a utiliza\u00e7\u00e3o, que n\u00e3o seja estritamente pessoal, dos conte\u00fados, da informa\u00e7\u00e3o, e das imagens, exceto os conte\u00fados dirigidos aos profissionais de sa\u00fade que se apresentam como guia, orienta\u00e7\u00e3o e informa\u00e7\u00e3o dos produtos que o LCN comercializa, especialmente indicados para esse tipo de utilizadores e com essa finalidade.<\/p>\n<p>Portanto, o utilizador \u00e9 obrigado a respeitar os direitos de propriedade intelectual do LCN, pelo que n\u00e3o poder\u00e1 explorar, reproduzir, distribuir, modificar, comunicar publicamente, ceder ou utilizar o conte\u00fado da p\u00e1gina Web sob nenhum pretexto, exceto se existir uma autoriza\u00e7\u00e3o expressa do LCN e exceto seja para utiliza\u00e7\u00e3o exclusivamente pessoal.<\/p>\n<p><strong>Legisla\u00e7\u00e3o e jurisdi\u00e7\u00e3o aplic\u00e1vel<\/strong>.- As presentes condi\u00e7\u00f5es est\u00e3o sujeitas ao ordenamento jur\u00eddico espanhol.<\/p>\n<p>Para a resolu\u00e7\u00e3o de qualquer conflito que possa derivar do acesso \u00e0 p\u00e1gina Web, o utilizador e o LCN aceitam submeter-se expressamente aos tribunais da cidade de Barcelona, com ren\u00fancia expressa a qualquer outro foro que possa corresponder.<\/p>\n","protected":false},"excerpt":{"rendered":"<p>Identifica\u00e7\u00e3o &#8211; LABORATORIO DE COMPLEMENTOS NUTRICIONALES, S.L. daqui em diante denominado de LCN, \u00e9 um laborat\u00f3rio de complementos nutricionais e de apoio nutricional, que se dedica \u00e0 investiga\u00e7\u00e3o sobre a utiliza\u00e7\u00e3o dos nutrientes em combina\u00e7\u00e3o com a alimenta\u00e7\u00e3o, para proporcionar ao m\u00e9dico e ao farmac\u00eautico elementos para o controlo dos desequil\u00edbrios nutricionais dos seus pacientes [&hellip;]<\/p>\n","protected":false},"author":1,"featured_media":0,"parent":0,"menu_order":57,"comment_status":"closed","ping_status":"closed","template":"","meta":{"_acf_changed":false,"footnotes":""},"class_list":["post-8176","page","type-page","status-publish","hentry"],"acf":[],"_links":{"self":[{"href":"https:\/\/www.laboratoriolcn.com\/pt\/wp-json\/wp\/v2\/pages\/8176","targetHints":{"allow":["GET"]}}],"collection":[{"href":"https:\/\/www.laboratoriolcn.com\/pt\/wp-json\/wp\/v2\/pages"}],"about":[{"href":"https:\/\/www.laboratoriolcn.com\/pt\/wp-json\/wp\/v2\/types\/page"}],"author":[{"embeddable":true,"href":"https:\/\/www.laboratoriolcn.com\/pt\/wp-json\/wp\/v2\/users\/1"}],"replies":[{"embeddable":true,"href":"https:\/\/www.laboratoriolcn.com\/pt\/wp-json\/wp\/v2\/comments?post=8176"}],"version-history":[{"count":2,"href":"https:\/\/www.laboratoriolcn.com\/pt\/wp-json\/wp\/v2\/pages\/8176\/revisions"}],"predecessor-version":[{"id":8576,"href":"https:\/\/www.laboratoriolcn.com\/pt\/wp-json\/wp\/v2\/pages\/8176\/revisions\/8576"}],"wp:attachment":[{"href":"https:\/\/www.laboratoriolcn.com\/pt\/wp-json\/wp\/v2\/media?parent=8176"}],"curies":[{"name":"wp","href":"https:\/\/api.w.org\/{rel}","templated":true}]}}