{"id":8086,"date":"2021-07-19T11:49:44","date_gmt":"2021-07-19T09:49:44","guid":{"rendered":"https:\/\/www.laboratoriolcn.com\/laboratorio-lcn\/"},"modified":"2022-11-18T08:34:16","modified_gmt":"2022-11-18T07:34:16","slug":"laboratorio-lcn","status":"publish","type":"page","link":"https:\/\/www.laboratoriolcn.com\/pt\/laboratorio-lcn\/","title":{"rendered":"Laboratorio LCN"},"content":{"rendered":"\t\t<div data-elementor-type=\"wp-page\" data-elementor-id=\"8086\" class=\"elementor elementor-8086 elementor-34\" data-elementor-post-type=\"page\">\n\t\t\t\t\t\t<section class=\"elementor-section elementor-top-section elementor-element elementor-element-6ba4c5c elementor-section-narrow_boxed elementor-section-height-default elementor-section-height-default whads-elementor-background-overlay-visibility-all\" data-id=\"6ba4c5c\" data-element_type=\"section\">\n\t\t\t\t\t\t<div class=\"elementor-container elementor-column-gap-default\">\n\t\t\t\t\t<div class=\"elementor-column elementor-col-100 elementor-top-column elementor-element elementor-element-b4f9720\" data-id=\"b4f9720\" data-element_type=\"column\">\n\t\t\t<div class=\"elementor-widget-wrap elementor-element-populated\">\n\t\t\t\t\t\t<div class=\"elementor-element elementor-element-1870c78 elementor-widget elementor-widget-text-editor\" data-id=\"1870c78\" data-element_type=\"widget\" data-widget_type=\"text-editor.default\">\n\t\t\t\t<div class=\"elementor-widget-container\">\n\t\t\t\t\t\t\t\t\t<p>Todos n\u00f3s temos uma predisposi\u00e7\u00e3o gen\u00e9tica para certas doen\u00e7as, perturba\u00e7\u00f5es ou processos cr\u00f3nicos que n\u00e3o podemos alterar. No entanto, podemos atuar na forma de express\u00e3o dos genes. O estilo de vida, o descanso reparador, as emo\u00e7\u00f5es, o meio ambiente, os nutrientes e, em especial, os micronutrientes que ingerimos todos os dias, determinam a ativa\u00e7\u00e3o ou silenciamento dos genes que conduzem a estes processos.<\/p>\n<p>Ter h\u00e1bitos saud\u00e1veis facilita uma express\u00e3o correta dos genes, por exemplo:<\/p>\n<ul class=\"whads-ticks-list\">\n<li><strong>Comer alimentos frescos e variados<\/strong><\/li>\n<li><strong>Alcan\u00e7ar um bom estado micronutricional<\/strong><\/li>\n<li><strong>Reduzir a exposi\u00e7\u00e3o a subst\u00e2ncias t\u00f3xicas alimentares e do meio ambiente<\/strong><\/li>\n<li><strong>Saber gerir o stress e as emo\u00e7\u00f5es<\/strong><\/li>\n<\/ul>\n<p>O <strong>Laboratorio LCN<\/strong>, Laboratorio de Complementos Nutricionales, detectou a necessidade de fornecer <strong>suplementos equilibrados de micronutrientes e metabolitos derivados dos mesmos<\/strong> (nunca de forma isolada) em quantidades fisiol\u00f3gicas, para manter uma <strong>sa\u00fade ideal em todas as etapas da vida<\/strong>.<\/p>\n<p>El <strong>Laboratorio LCN<\/strong> \u00e9 liderado por uma equipa de <strong>especialistas m\u00e9dico-cient\u00edficos em micronutri\u00e7\u00e3o<\/strong> com <strong>mais de 20 anos de experi\u00eancia cl\u00ednica. <\/strong>O Laboratorio LCN ofrece <strong>complementos nutricionais e<\/strong> <strong>conselhos sobre<\/strong> <strong>alimenta\u00e7\u00e3o<\/strong> <strong>para corrigir os desequil\u00edbrios micronutricionais<\/strong> que podem resultar em estados de sa\u00fade alterada, em envelhecimento acelerado e em processos cr\u00f3nicos que diminuem a qualidade de vida e a autonomia da pessoa.<\/p>\n<p>Os micronutrientes fornecidos nos suplementos nutricionais do LCN s\u00e3o bioacess\u00edveis, biodispon\u00edveis, eficazes e seguros. As formula\u00e7\u00f5es desenvolvidas n\u00e3o interagem com medicamentos comuns e s\u00e3o adequadas para todo o tipo de pessoas, de qualquer idade, sexo e em qualquer estado de sa\u00fade que procuram uma nutri\u00e7\u00e3o ideal.<\/p>\n\t\t\t\t\t\t\t\t<\/div>\n\t\t\t\t<\/div>\n\t\t\t\t<div class=\"elementor-element elementor-element-e5bc03a dce_masking-none elementor-widget elementor-widget-video\" data-id=\"e5bc03a\" data-element_type=\"widget\" data-settings=\"{&quot;video_type&quot;:&quot;vimeo&quot;,&quot;loop&quot;:&quot;yes&quot;}\" data-widget_type=\"video.default\">\n\t\t\t\t<div class=\"elementor-widget-container\">\n\t\t\t\t\t\t\t<div class=\"elementor-wrapper elementor-open-inline\">\n\t\t\t<iframe class=\"elementor-video-iframe\" allowfullscreen allow=\"clipboard-write\" title=\"Reprodutor de v\u00eddeo de vimeo\" src=\"https:\/\/player.vimeo.com\/video\/473502883?color&amp;autopause=0&amp;loop=1&amp;muted=0&amp;title=1&amp;portrait=1&amp;byline=1#t=\"><\/iframe>\t\t<\/div>\n\t\t\t\t\t\t<\/div>\n\t\t\t\t<\/div>\n\t\t\t\t<div class=\"elementor-element elementor-element-6285861 elementor-widget-divider--view-line elementor-widget elementor-widget-divider\" data-id=\"6285861\" data-element_type=\"widget\" data-widget_type=\"divider.default\">\n\t\t\t\t<div class=\"elementor-widget-container\">\n\t\t\t\t\t\t\t<div class=\"elementor-divider\">\n\t\t\t<span class=\"elementor-divider-separator\">\n\t\t\t\t\t\t<\/span>\n\t\t<\/div>\n\t\t\t\t\t\t<\/div>\n\t\t\t\t<\/div>\n\t\t\t\t<div class=\"elementor-element elementor-element-831478a elementor-widget elementor-widget-text-editor\" data-id=\"831478a\" data-element_type=\"widget\" data-widget_type=\"text-editor.default\">\n\t\t\t\t<div class=\"elementor-widget-container\">\n\t\t\t\t\t\t\t\t\t<h3 class=\"elementor-heading-title elementor-size-default elementor-inline-editing pen\" contenteditable=\"true\" data-elementor-setting-key=\"title\" data-pen-placeholder=\"Teclea aqu\u00ed...\">Responsabilidade social corporativa<\/h3>\t\t\t\t\t\t\t\t<\/div>\n\t\t\t\t<\/div>\n\t\t\t\t<div class=\"elementor-element elementor-element-64273e5 elementor-widget elementor-widget-text-editor\" data-id=\"64273e5\" data-element_type=\"widget\" data-widget_type=\"text-editor.default\">\n\t\t\t\t<div class=\"elementor-widget-container\">\n\t\t\t\t\t\t\t\t\t<h3 class=\"elementor-heading-title elementor-size-default elementor-inline-editing pen\" contenteditable=\"true\" data-elementor-setting-key=\"title\" data-pen-placeholder=\"Teclea aqu\u00ed...\">Patrocinador do Congresso Uma sa\u00fade, um bem-estar<\/h3>\t\t\t\t\t\t\t\t<\/div>\n\t\t\t\t<\/div>\n\t\t\t\t<section class=\"elementor-section elementor-inner-section elementor-element elementor-element-f524536 elementor-section-boxed elementor-section-height-default elementor-section-height-default whads-elementor-background-overlay-visibility-all\" data-id=\"f524536\" data-element_type=\"section\">\n\t\t\t\t\t\t<div class=\"elementor-container elementor-column-gap-default\">\n\t\t\t\t\t<div class=\"elementor-column elementor-col-100 elementor-inner-column elementor-element elementor-element-627e915\" data-id=\"627e915\" data-element_type=\"column\">\n\t\t\t<div class=\"elementor-widget-wrap elementor-element-populated\">\n\t\t\t\t\t\t<div class=\"elementor-element elementor-element-3bc2cb5 elementor-widget elementor-widget-text-editor\" data-id=\"3bc2cb5\" data-element_type=\"widget\" data-widget_type=\"text-editor.default\">\n\t\t\t\t<div class=\"elementor-widget-container\">\n\t\t\t\t\t\t\t\t\t<p>O <strong>Laborat\u00f3rio LCN<\/strong> patrocina o Congresso <strong>\u201cOne Health, One Wellbeing\u201d<\/strong>, que contribui para o entendimento de que a sa\u00fade humana e seu futuro como esp\u00e9cie <strong>dependem do cuidado com o meio ambiente e a sa\u00fade de todos os seres vivos<\/strong> da Terra, desde os micro-organismos menores, vida animal \u00e0 agricultura, pecu\u00e1ria, ind\u00fastria e seu efeito clim\u00e1tico.<\/p>\t\t\t\t\t\t\t\t<\/div>\n\t\t\t\t<\/div>\n\t\t\t\t<div class=\"elementor-element elementor-element-17394c5 dce_masking-none elementor-widget elementor-widget-image\" data-id=\"17394c5\" data-element_type=\"widget\" data-widget_type=\"image.default\">\n\t\t\t\t<div class=\"elementor-widget-container\">\n\t\t\t\t\t\t\t\t\t\t\t\t\t\t\t\t<a href=\"https:\/\/www.observatoriomedicinaintegrativa.org\/una-sola-salud\/\" target=\"_blank\" class=\"image\" rel=\"noopener\">\n\t\t\t\t\t\t\t<img decoding=\"async\" width=\"325\" height=\"97\" src=\"https:\/\/www.laboratoriolcn.com\/wp-content\/uploads\/2020\/11\/congreso-bienestar-small.jpg\" class=\"attachment-full size-full wp-image-8089\" alt=\"\" srcset=\"https:\/\/www.laboratoriolcn.com\/wp-content\/uploads\/2020\/11\/congreso-bienestar-small.jpg 325w, https:\/\/www.laboratoriolcn.com\/wp-content\/uploads\/2020\/11\/congreso-bienestar-small-300x90.jpg 300w\" sizes=\"(max-width: 325px) 100vw, 325px\" \/>\t\t\t\t\t\t\t\t<\/a>\n\t\t\t\t\t\t\t\t\t\t\t\t\t\t\t<\/div>\n\t\t\t\t<\/div>\n\t\t\t\t\t<\/div>\n\t\t<\/div>\n\t\t\t\t\t<\/div>\n\t\t<\/section>\n\t\t\t\t<div class=\"elementor-element elementor-element-ed9d7ef elementor-widget elementor-widget-spacer\" data-id=\"ed9d7ef\" data-element_type=\"widget\" data-widget_type=\"spacer.default\">\n\t\t\t\t<div class=\"elementor-widget-container\">\n\t\t\t\t\t\t\t<div class=\"elementor-spacer\">\n\t\t\t<div class=\"elementor-spacer-inner\"><\/div>\n\t\t<\/div>\n\t\t\t\t\t\t<\/div>\n\t\t\t\t<\/div>\n\t\t\t\t\t<\/div>\n\t\t<\/div>\n\t\t\t\t\t<\/div>\n\t\t<\/section>\n\t\t\t\t<section class=\"elementor-section elementor-top-section elementor-element elementor-element-e28c0b7 elementor-section-boxed elementor-section-height-default elementor-section-height-default whads-elementor-background-overlay-visibility-all\" data-id=\"e28c0b7\" data-element_type=\"section\">\n\t\t\t\t\t\t<div class=\"elementor-container elementor-column-gap-default\">\n\t\t\t\t\t<div class=\"elementor-column elementor-col-100 elementor-top-column elementor-element elementor-element-e6448a9\" data-id=\"e6448a9\" data-element_type=\"column\">\n\t\t\t<div class=\"elementor-widget-wrap elementor-element-populated\">\n\t\t\t\t\t\t<div class=\"elementor-element elementor-element-722008e elementor-widget elementor-widget-lcn-productlisting\" data-id=\"722008e\" data-element_type=\"widget\" data-widget_type=\"lcn-productlisting.default\">\n\t\t\t\t<div class=\"elementor-widget-container\">\n\t\t\t\t\t<section class=\"products-listing-block\" data-listing-layout=\"carousel\" data-title-width=\"narrow\" data-title-color=\"red\" data-autoplay=\"no\"><div class=\"heading-wrapper\"><h2 class=\"heading default\">Produtos de Laborat\u00f3rio LCN<\/h2><\/div><ul class=\"products-list owl-carousel owl-theme\"><li class=\"product-listing-item\"><article class=\"product-listing-item__layout\"><div class=\"product-listing-item__image__wrapper\"><a class=\"product-listing-item__image__link\" href=\"https:\/\/www.laboratoriolcn.com\/producto\/mitochondria-active-lcn\/?attribute_pa_pill-amount=60-sticks-60-capsulas\"><img fetchpriority=\"high\" decoding=\"async\" width=\"600\" height=\"651\" src=\"https:\/\/www.laboratoriolcn.com\/wp-content\/uploads\/2021\/11\/mitochondria-front-eeuu-600x651.png\" class=\"product-listing-item__image--front\" alt=\"Mitochondria Active\" \/><img decoding=\"async\" width=\"600\" height=\"651\" src=\"https:\/\/www.laboratoriolcn.com\/wp-content\/uploads\/2021\/11\/mitochondria-front-eeuu-600x651.png\" class=\"product-listing-item__image--back\" alt=\"Mitochondria Active\" \/><\/a><\/div><div class=\"product-listing-item__content\"><div class=\"product-listing-item__title__wrapper\"><a class=\"product-listing-item__title__link\" href=\"https:\/\/www.laboratoriolcn.com\/producto\/mitochondria-active-lcn\/?attribute_pa_pill-amount=60-sticks-60-capsulas\"><h2 class=\"product-listing-item__title\">Mitochondria Active<\/h2><p class=\"product-listing-item__variation-name\">60 sticks + 60 c\u00e1psulas<\/p><\/a><\/div><div class=\"product-listing-item__description\"><p>Conjunto equilibrado de <strong>NAD+ Precursor Blend<\/strong> LCN, p\u00e9ptidos, amino\u00e1cidos, factores vitam\u00ednicos, coenzimas y cofactores, que <strong>restaura la homeostasis mitocondrial<\/strong>.<\/p>\n<\/div><div class=\"product-listing-item__bottom\"><p class=\"product-listing-item__price\"><span class=\"woocommerce-Price-amount amount\"><bdi>74,55<span class=\"woocommerce-Price-currencySymbol\">&euro;<\/span><\/bdi><\/span><\/p><div class=\"product-listing-item__buttons\"><a class=\"product-listing-item__buttons__buy-link\" data-product-id=\"31170\" data-addtocart-text=\"Add to cart\" data-adding-text=\"Adding...\" data-added-text=\"Added!\" href=\"https:\/\/www.laboratoriolcn.com\/pt\/laboratorio-lcn\/?add-to-cart=31170\"><div class=\"svg-wrapper product-listing-item__buttons__buy-link__icon\"><svg width=\"24\" height=\"24\" viewBox=\"0 0 24 24\" fill=\"none\" xmlns=\"http:\/\/www.w3.org\/2000\/svg\">\n<g id=\"noun-buy-104301 1\">\n<g id=\"Group\">\n<path id=\"Vector\" d=\"M2.39976 7.20001H4.31976L6.59976 16.344C6.67179 16.608 6.9118 16.8 7.17578 16.8H19.1758C19.4398 16.8 19.6798 16.608 19.7518 16.344L22.1518 6.74401C22.2238 6.43197 22.0318 6.09605 21.7198 6.02401C21.4077 5.95198 21.0718 6.14401 20.9998 6.45605L20.9518 6.60003L18.7198 15.6H7.67979L5.42379 6.60003L5.37582 6.45605C5.30379 6.19207 5.06378 6.00003 4.7998 6.00003H2.3998C2.06378 6.00003 1.7998 6.26401 1.7998 6.60003C1.7998 6.93605 2.06378 7.20003 2.3998 7.20003L2.39976 7.20001Z\" fill=\"white\"\/>\n<path id=\"Vector_2\" d=\"M10.8 20.4C10.8 19.08 9.72 18 8.4 18C7.08 18 6 19.08 6 20.4C6 21.72 7.08 22.8 8.4 22.8C9.72 22.8 10.8 21.72 10.8 20.4ZM7.2 20.4C7.2 19.728 7.72796 19.2 8.4 19.2C9.07204 19.2 9.6 19.728 9.6 20.4C9.6 21.072 9.07204 21.6 8.4 21.6C7.72796 21.6 7.2 21.072 7.2 20.4Z\" fill=\"white\"\/>\n<path id=\"Vector_3\" d=\"M17.9996 18C16.6796 18 15.5996 19.08 15.5996 20.4C15.5996 21.72 16.6796 22.8 17.9996 22.8C19.3196 22.8 20.3996 21.72 20.3996 20.4C20.3996 19.08 19.3196 18 17.9996 18ZM17.9996 21.6C17.3276 21.6 16.7996 21.072 16.7996 20.4C16.7996 19.728 17.3276 19.2 17.9996 19.2C18.6716 19.2 19.1996 19.728 19.1996 20.4C19.1996 21.072 18.6716 21.6 17.9996 21.6Z\" fill=\"white\"\/>\n<path id=\"Vector_4\" d=\"M12.7679 10.632C12.8879 10.752 13.0319 10.8 13.1999 10.8C13.3679 10.8 13.512 10.752 13.632 10.632L17.232 7.032C17.352 6.912 17.3999 6.76802 17.3999 6.59996C17.3999 6.43199 17.352 6.28792 17.232 6.16792C16.992 5.92792 16.608 5.92792 16.392 6.16792L13.8 8.75992V1.79992C13.8 1.4639 13.536 1.19992 13.2 1.19992C12.8639 1.19992 12.6 1.4639 12.6 1.79992V8.75992L10.008 6.16792C9.76797 5.92792 9.38399 5.92792 9.16797 6.16792C9.04797 6.28792 9 6.4319 9 6.59996C9 6.76793 9.04797 6.912 9.16797 7.032L12.7679 10.632Z\" fill=\"white\"\/>\n<\/g>\n<\/g>\n<\/svg>\n<\/div><span class=\"product-listing-item__buttons__buy-link__text\">Add to cart<\/span><\/a><a class=\"product-listing-item__buttons__details-link\" href=\"https:\/\/www.laboratoriolcn.com\/producto\/mitochondria-active-lcn\/?attribute_pa_pill-amount=60-sticks-60-capsulas\"><span class=\"product-listing-item__buttons__details-link__text\">Ver detalhes<\/span><div class=\"svg-wrapper product-listing-item__buttons__details-link__icon\"><svg height='100px' width='100px'  fill=\"#000000\" xmlns=\"http:\/\/www.w3.org\/2000\/svg\" xmlns:xlink=\"http:\/\/www.w3.org\/1999\/xlink\" version=\"1.1\" x=\"0px\" y=\"0px\" viewBox=\"0 0 55.271 100\" enable-background=\"new 0 0 55.271 100\" xml:space=\"preserve\"><path fill=\"#000000\" d=\"M5.271,100c-1.349,0-2.697-0.515-3.727-1.544c-2.059-2.059-2.059-5.395,0-7.454L42.546,50L1.544,8.998  c-2.059-2.059-2.059-5.395,0-7.454s5.395-2.059,7.454,0l44.729,44.729c2.059,2.059,2.059,5.395,0,7.454L8.998,98.456  C7.969,99.485,6.62,100,5.271,100z\"><\/path><\/svg><\/div><\/a><\/div><\/div><\/div><\/article><\/li><\/ul><\/section>\t\t\t\t<\/div>\n\t\t\t\t<\/div>\n\t\t\t\t\t<\/div>\n\t\t<\/div>\n\t\t\t\t\t<\/div>\n\t\t<\/section>\n\t\t\t\t<\/div>\n\t\t","protected":false},"excerpt":{"rendered":"<p>Todos n\u00f3s temos uma predisposi\u00e7\u00e3o gen\u00e9tica para certas doen\u00e7as, perturba\u00e7\u00f5es ou processos cr\u00f3nicos que n\u00e3o podemos alterar. No entanto, podemos atuar na forma de express\u00e3o dos genes. O estilo de vida, o descanso reparador, as emo\u00e7\u00f5es, o meio ambiente, os nutrientes e, em especial, os micronutrientes que ingerimos todos os dias, determinam a ativa\u00e7\u00e3o ou [&hellip;]<\/p>\n","protected":false},"author":1,"featured_media":0,"parent":0,"menu_order":24,"comment_status":"closed","ping_status":"closed","template":"","meta":{"_acf_changed":false,"footnotes":""},"class_list":["post-8086","page","type-page","status-publish","hentry"],"acf":[],"_links":{"self":[{"href":"https:\/\/www.laboratoriolcn.com\/pt\/wp-json\/wp\/v2\/pages\/8086","targetHints":{"allow":["GET"]}}],"collection":[{"href":"https:\/\/www.laboratoriolcn.com\/pt\/wp-json\/wp\/v2\/pages"}],"about":[{"href":"https:\/\/www.laboratoriolcn.com\/pt\/wp-json\/wp\/v2\/types\/page"}],"author":[{"embeddable":true,"href":"https:\/\/www.laboratoriolcn.com\/pt\/wp-json\/wp\/v2\/users\/1"}],"replies":[{"embeddable":true,"href":"https:\/\/www.laboratoriolcn.com\/pt\/wp-json\/wp\/v2\/comments?post=8086"}],"version-history":[{"count":45,"href":"https:\/\/www.laboratoriolcn.com\/pt\/wp-json\/wp\/v2\/pages\/8086\/revisions"}],"predecessor-version":[{"id":16543,"href":"https:\/\/www.laboratoriolcn.com\/pt\/wp-json\/wp\/v2\/pages\/8086\/revisions\/16543"}],"wp:attachment":[{"href":"https:\/\/www.laboratoriolcn.com\/pt\/wp-json\/wp\/v2\/media?parent=8086"}],"curies":[{"name":"wp","href":"https:\/\/api.w.org\/{rel}","templated":true}]}}