{"id":7983,"date":"2021-07-15T16:08:24","date_gmt":"2021-07-15T14:08:24","guid":{"rendered":"https:\/\/www.laboratoriolcn.com\/alimentacao\/"},"modified":"2022-02-01T13:18:06","modified_gmt":"2022-02-01T12:18:06","slug":"alimentacao","status":"publish","type":"page","link":"https:\/\/www.laboratoriolcn.com\/pt\/alimentacao\/","title":{"rendered":"Alimenta\u00e7\u00e3o"},"content":{"rendered":"\t\t<div data-elementor-type=\"wp-page\" data-elementor-id=\"7983\" class=\"elementor elementor-7983 elementor-42\" data-elementor-post-type=\"page\">\n\t\t\t\t\t\t<section class=\"elementor-section elementor-top-section elementor-element elementor-element-0096fdb elementor-section-boxed elementor-section-height-default elementor-section-height-default whads-elementor-background-overlay-visibility-all\" data-id=\"0096fdb\" data-element_type=\"section\">\n\t\t\t\t\t\t<div class=\"elementor-container elementor-column-gap-default\">\n\t\t\t\t\t<div data-dce-background-image-url=\"https:\/\/www.laboratoriolcn.com\/wp-content\/uploads\/2019\/11\/recortada-1_PAC-2.jpg\" class=\"elementor-column elementor-col-50 elementor-top-column elementor-element elementor-element-61b098e\" data-id=\"61b098e\" data-element_type=\"column\" data-settings=\"{&quot;background_background&quot;:&quot;classic&quot;}\">\n\t\t\t<div class=\"elementor-widget-wrap elementor-element-populated\">\n\t\t\t\t\t\t<div class=\"elementor-element elementor-element-ec76d9e elementor-widget elementor-widget-heading\" data-id=\"ec76d9e\" data-element_type=\"widget\" data-widget_type=\"heading.default\">\n\t\t\t\t<div class=\"elementor-widget-container\">\n\t\t\t\t\t<h2 class=\"elementor-heading-title elementor-size-default\">Alimenta\u00e7\u00e3o PAC<\/h2>\t\t\t\t<\/div>\n\t\t\t\t<\/div>\n\t\t\t\t<div class=\"elementor-element elementor-element-f0eb745 elementor-widget elementor-widget-text-editor\" data-id=\"f0eb745\" data-element_type=\"widget\" data-widget_type=\"text-editor.default\">\n\t\t\t\t<div class=\"elementor-widget-container\">\n\t\t\t\t\t\t\t\t\t<p>A alimenta\u00e7\u00e3o <strong>PAC<\/strong>(<strong>P<\/strong>rote\u00ednas \u2013 <strong>A<\/strong>ntioxidantes \u2013 <strong>C<\/strong>arboidratos) \u00e9 uma combina\u00e7\u00e3o de v\u00e1rios grupos de alimentos que facilita a obten\u00e7\u00e3o de um melhor resultado com a micronutri\u00e7\u00e3o.<\/p>\n\t\t\t\t\t\t\t\t<\/div>\n\t\t\t\t<\/div>\n\t\t\t\t<div class=\"elementor-element elementor-element-b8720ad whads-button-style-bordered-black elementor-widget elementor-widget-button\" data-id=\"b8720ad\" data-element_type=\"widget\" data-widget_type=\"button.default\">\n\t\t\t\t<div class=\"elementor-widget-container\">\n\t\t\t\t\t\t\t\t\t<div class=\"elementor-button-wrapper\">\n\t\t\t\t\t<a class=\"elementor-button elementor-button-link elementor-size-md\" href=\"https:\/\/www.laboratoriolcn.com\/es\/alimentacion\/alimentacion-pac\/que-es\/\">\n\t\t\t\t\t\t<span class=\"elementor-button-content-wrapper\">\n\t\t\t\t\t\t\t\t\t<span class=\"elementor-button-text\">Saber m\u00e1s<\/span>\n\t\t\t\t\t<\/span>\n\t\t\t\t\t<\/a>\n\t\t\t\t<\/div>\n\t\t\t\t\t\t\t\t<\/div>\n\t\t\t\t<\/div>\n\t\t\t\t\t<\/div>\n\t\t<\/div>\n\t\t\t\t<div data-dce-background-image-url=\"https:\/\/www.laboratoriolcn.com\/wp-content\/uploads\/2019\/11\/recortada-2_CPCA-1.jpg\" class=\"elementor-column elementor-col-50 elementor-top-column elementor-element elementor-element-ba1ea24\" data-id=\"ba1ea24\" data-element_type=\"column\" data-settings=\"{&quot;background_background&quot;:&quot;classic&quot;}\">\n\t\t\t<div class=\"elementor-widget-wrap elementor-element-populated\">\n\t\t\t\t\t\t<div class=\"elementor-element elementor-element-30e364f elementor-widget elementor-widget-heading\" data-id=\"30e364f\" data-element_type=\"widget\" data-widget_type=\"heading.default\">\n\t\t\t\t<div class=\"elementor-widget-container\">\n\t\t\t\t\t<h2 class=\"elementor-heading-title elementor-size-default\">Clasificaci\u00f3n Pr\u00e1ctica de la Composici\u00f3n de los Alimentos (CPCA)<\/h2>\t\t\t\t<\/div>\n\t\t\t\t<\/div>\n\t\t\t\t<div class=\"elementor-element elementor-element-fb5c187 elementor-widget elementor-widget-text-editor\" data-id=\"fb5c187\" data-element_type=\"widget\" data-widget_type=\"text-editor.default\">\n\t\t\t\t<div class=\"elementor-widget-container\">\n\t\t\t\t\t\t\t\t\t<p>Una ayuda para poder conocer la composici\u00f3n de los alimentos y de esta forma facilitar una dieta variada y equilibrada en macronutrientes, micronutrientes y fitoqu\u00edmicos.<\/p>\n\t\t\t\t\t\t\t\t<\/div>\n\t\t\t\t<\/div>\n\t\t\t\t<div class=\"elementor-element elementor-element-3d0c478 whads-button-style-bordered-black elementor-widget elementor-widget-button\" data-id=\"3d0c478\" data-element_type=\"widget\" data-widget_type=\"button.default\">\n\t\t\t\t<div class=\"elementor-widget-container\">\n\t\t\t\t\t\t\t\t\t<div class=\"elementor-button-wrapper\">\n\t\t\t\t\t<a class=\"elementor-button elementor-button-link elementor-size-md\" href=\"https:\/\/www.laboratoriolcn.com\/es\/alimentacion\/cpca\/\">\n\t\t\t\t\t\t<span class=\"elementor-button-content-wrapper\">\n\t\t\t\t\t\t\t\t\t<span class=\"elementor-button-text\">Saber m\u00e1s<\/span>\n\t\t\t\t\t<\/span>\n\t\t\t\t\t<\/a>\n\t\t\t\t<\/div>\n\t\t\t\t\t\t\t\t<\/div>\n\t\t\t\t<\/div>\n\t\t\t\t\t<\/div>\n\t\t<\/div>\n\t\t\t\t\t<\/div>\n\t\t<\/section>\n\t\t\t\t<\/div>\n\t\t","protected":false},"excerpt":{"rendered":"<p>Alimenta\u00e7\u00e3o PAC A alimenta\u00e7\u00e3o PAC(Prote\u00ednas \u2013 Antioxidantes \u2013 Carboidratos) \u00e9 uma combina\u00e7\u00e3o de v\u00e1rios grupos de alimentos que facilita a obten\u00e7\u00e3o de um melhor resultado com a micronutri\u00e7\u00e3o. Saber m\u00e1s Clasificaci\u00f3n Pr\u00e1ctica de la Composici\u00f3n de los Alimentos (CPCA) Una ayuda para poder conocer la composici\u00f3n de los alimentos y de esta forma facilitar una [&hellip;]<\/p>\n","protected":false},"author":1,"featured_media":0,"parent":0,"menu_order":51,"comment_status":"closed","ping_status":"closed","template":"","meta":{"_acf_changed":false,"footnotes":""},"class_list":["post-7983","page","type-page","status-publish","hentry"],"acf":[],"_links":{"self":[{"href":"https:\/\/www.laboratoriolcn.com\/pt\/wp-json\/wp\/v2\/pages\/7983","targetHints":{"allow":["GET"]}}],"collection":[{"href":"https:\/\/www.laboratoriolcn.com\/pt\/wp-json\/wp\/v2\/pages"}],"about":[{"href":"https:\/\/www.laboratoriolcn.com\/pt\/wp-json\/wp\/v2\/types\/page"}],"author":[{"embeddable":true,"href":"https:\/\/www.laboratoriolcn.com\/pt\/wp-json\/wp\/v2\/users\/1"}],"replies":[{"embeddable":true,"href":"https:\/\/www.laboratoriolcn.com\/pt\/wp-json\/wp\/v2\/comments?post=7983"}],"version-history":[{"count":8,"href":"https:\/\/www.laboratoriolcn.com\/pt\/wp-json\/wp\/v2\/pages\/7983\/revisions"}],"predecessor-version":[{"id":10007,"href":"https:\/\/www.laboratoriolcn.com\/pt\/wp-json\/wp\/v2\/pages\/7983\/revisions\/10007"}],"wp:attachment":[{"href":"https:\/\/www.laboratoriolcn.com\/pt\/wp-json\/wp\/v2\/media?parent=7983"}],"curies":[{"name":"wp","href":"https:\/\/api.w.org\/{rel}","templated":true}]}}