{"id":7826,"date":"2021-06-16T11:50:44","date_gmt":"2021-06-16T09:50:44","guid":{"rendered":"https:\/\/www.laboratoriolcn.com\/privacy-policy\/"},"modified":"2022-01-17T10:52:46","modified_gmt":"2022-01-17T09:52:46","slug":"privacy-policy","status":"publish","type":"page","link":"https:\/\/www.laboratoriolcn.com\/en\/privacy-policy\/","title":{"rendered":"Privacy Policy"},"content":{"rendered":"\t\t<div data-elementor-type=\"wp-page\" data-elementor-id=\"7826\" class=\"elementor elementor-7826 elementor-3\" data-elementor-post-type=\"page\">\n\t\t\t\t\t\t<section class=\"elementor-section elementor-top-section elementor-element elementor-element-0aa098f elementor-section-narrow_boxed elementor-section-height-default elementor-section-height-default whads-elementor-background-overlay-visibility-all\" data-id=\"0aa098f\" data-element_type=\"section\">\n\t\t\t\t\t\t<div class=\"elementor-container elementor-column-gap-default\">\n\t\t\t\t\t<div class=\"elementor-column elementor-col-100 elementor-top-column elementor-element elementor-element-352236f\" data-id=\"352236f\" data-element_type=\"column\">\n\t\t\t<div class=\"elementor-widget-wrap elementor-element-populated\">\n\t\t\t\t\t\t<div class=\"elementor-element elementor-element-8a924f6 elementor-widget elementor-widget-text-editor\" data-id=\"8a924f6\" data-element_type=\"widget\" data-widget_type=\"text-editor.default\">\n\t\t\t\t<div class=\"elementor-widget-container\">\n\t\t\t\t\t\t\t\t\t<p>Si usted no nos facilita todos los datos solicitados en el correspondiente formulario, es posible que no podamos satisfacer su solicitud.<\/p><p><strong>RESPONSABLE DEL TRATAMIENTO<\/strong><\/p><p>En cumplimiento del Reglamento General de Protecci\u00f3n de Datos (UE) 2016\/679 y la Ley Org\u00e1nica 3\/2018 de 5 de diciembre, de Protecci\u00f3n de Datos Personales y garant\u00eda de los derechos digitales, le informamos que el responsable del tratamiento de sus datos es LABORATORIO DE COMPLEMENTOS NUTRICIONALES, 1955, S.L., con domicilio social en la C\/Par\u00eds, 184, 2\u00ba-2\u00aa, 08036, Barcelona.<\/p><p><strong>FINALIDAD <\/strong><\/p><p>Sus datos ser\u00e1n tratados con una o varias de las siguientes finalidades:<\/p><ul><li>En caso de que usted <strong>solicite informaci\u00f3n<\/strong> mediante el formulario \u201cContacto\u201d o quiera <strong>subscribirse a los boletines electr\u00f3nicos<\/strong>, sus datos ser\u00e1n tratados para facilitarle la informaci\u00f3n solicitada y otra relativa a los productos y servicios de LABORATORIO DE COMPLEMENTOS NUTRICIONALES, 1955, S.L., incluso por medios electr\u00f3nicos.<\/li><li>En caso de que usted ya sea <strong>cliente<\/strong> -o quiera serlo- de LABORATORIO DE COMPLEMENTOS NUTRICIONALES, 1955, S.L., sus datos ser\u00e1n tratados para gestionar las operaciones de compra y contrataci\u00f3n de productos a LABORATORIO DE COMPLEMENTOS NUTRICIONALES, 1955, S.L. y facilitar los procesos de informaci\u00f3n comercial, presupuesto y establecimiento de medidas precontractuales, env\u00edo y entrega, cobro y contabilidad.<\/li><li>En caso de sea usted <strong>proveedor<\/strong> -o quiera serlo- de LABORATORIO DE COMPLEMENTOS NUTRICIONALES, 1955, S.L. o pretenda serlo, sus datos ser\u00e1n tratados para gestionar las operaciones de establecimiento de medidas precontractuales, pedido, compra, contrataci\u00f3n y recepci\u00f3n de sus productos o servicios y para facilitar los procesos de pago y contabilidad.<\/li><li>En caso de que sea usted <strong>empleado<\/strong> de LABORATORIO DE COMPLEMENTOS NUTRICIONALES, 1955, S.L., sus datos ser\u00e1n tratados para gestionar su relaci\u00f3n laboral con LABORATORIO DE COMPLEMENTOS NUTRICIONALES, 1955, S.L.<\/li><\/ul><p><strong>BASE DE LEGITIMACI\u00d3N<\/strong><\/p><p>LABORATORIO DE COMPLEMENTOS NUTRICIONALES, 1955, S.L. solo proceder\u00e1 al tratamiento de datos personales porque se da, al menos, una de las siguientes circunstancias:<\/p><ul><li>En caso de que usted <strong>solicite informaci\u00f3n<\/strong> mediante el formulario \u201cContacto\u201d o cualquier otro medio de contacto y\/o quiera<strong> suscribirse a los boletines electr\u00f3nicos<\/strong> de LABORATORIO DE COMPLEMENTOS NUTRICIONALES, 1955, S.L., usted manifiesta su consentimiento expreso, libre y afirmativo, al solicitar la informaci\u00f3n o subscribirse a los boletines o al solicitar medidas precontractuales, si quiere llegar a ser cliente.<\/li><li>En caso de que sea usted <strong>cliente, proveedor o empleado<\/strong> de LABORATORIO DE COMPLEMENTOS NUTRICIONALES, 1955, S.L., la base de legitimaci\u00f3n del tratamiento es el contrato del que usted forma parte.<\/li><li><strong>Si todav\u00eda no es proveedor<\/strong> de LABORATORIO DE COMPLEMENTOS NUTRICIONALES, 1955, S.L., usted manifiesta su consentimiento expreso, libre y afirmativo, al facilitar sus datos mediante la entrega de una tarjeta de visita o folleto, env\u00edo de un e-mail, etc. o al solicitar medidas precontractuales.<\/li><\/ul><p><strong>PLAZO DE CONSERVACI\u00d3N DE LOS DATOS<\/strong><\/p><ul><li>En caso de que usted haya solicitado<strong> informaci\u00f3n<\/strong> mediante el formulario \u201cContacto\u201d o se haya <strong>subscrito<\/strong> <strong>a los boletines electr\u00f3nicos<\/strong>, sus datos se conservar\u00e1n hasta que solicite su supresi\u00f3n o revoque su consentimiento.<\/li><li>En caso de que sea usted <strong>cliente, proveedor o empleado<\/strong> de LABORATORIO DE COMPLEMENTOS NUTRICIONALES, 1955, S.L., sus datos se conservar\u00e1n hasta 5 a\u00f1os despu\u00e9s de la \u00faltima transacci\u00f3n comercial o despu\u00e9s de finalizar la relaci\u00f3n laboral en el caso de empleados.<\/li><\/ul><p><strong>DESTINATARIOS DE LOS DATOS Y TRANSFERENCIAS INTERNACIONALES<\/strong><\/p><ul><li>En caso de que usted haya solicitado<strong> informaci\u00f3n<\/strong> mediante el formulario \u201cContacto\u201d o se haya <strong>subscrito<\/strong> <strong>a los boletines electr\u00f3nicos, <\/strong>no est\u00e1 previsto comunicar sus datos a terceros, ni tampoco realizar Transferencias Internacionales de sus datos.<\/li><li>En caso de que sea usted <strong>cliente<\/strong> de LABORATORIO DE COMPLEMENTOS NUTRICIONALES, 1955, S.L.: sus datos podr\u00e1n ser comunicados por obligaci\u00f3n legal a administraciones p\u00fablicas (por ejemplo: Hacienda&#8230;), a entidades bancarias para proceder al cobro de los servicios, a empresas de transporte para que le llegue su pedido o a proveedores o colaboradores de LABORATORIO DE COMPLEMENTOS NUTRICIONALES, 1955, S.L., \u00fanicamente con el prop\u00f3sito de satisfacer las finalidades indicadas. Si nuestros servicios y\/o productos tienen que ser prestados o transportados fuera del Espacio Econ\u00f3mico Europeo, es posible que deba realizarse una Transferencia Internacional de Datos.<\/li><li>En caso de sea usted <strong>proveedor<\/strong> de LABORATORIO DE COMPLEMENTOS NUTRICIONALES, 1955, S.L. o pretenda serlo: sus datos podr\u00e1n ser comunicados por obligaci\u00f3n legal a administraciones p\u00fablicas (por ejemplo: a Hacienda&#8230;), a entidades bancarias para proceder al pago de los servicios. No est\u00e1n previstas Transferencias Internacionales de sus datos.<\/li><li>En caso de que sea usted <strong>empleado<\/strong> de LABORATORIO DE COMPLEMENTOS NUTRICIONALES, 1955, S.L.: sus datos podr\u00e1n ser comunicados por obligaci\u00f3n legal a administraciones p\u00fablicas (por ejemplo: Hacienda, Seguridad Social, y a otros proveedores o colaboradores de LABORATORIO DE COMPLEMENTOS NUTRICIONALES, 1955, S.L., \u00fanicamente con el prop\u00f3sito de satisfacer las finalidades indicadas (bancos y cajas de ahorro, mutua colaboradora de la Seguridad Social, servicio de prevenci\u00f3n externo, proveedores de retribuci\u00f3n flexible, agencias de viaje, empresas de formaci\u00f3n y gestores de subvenciones para la formaci\u00f3n, sistemas de control horario\u2026). No est\u00e1 previsto realizar Transferencias Internacionales de sus datos.<\/li><\/ul><p><strong>DERECHOS DE LOS INTERESADOS<\/strong><\/p><p>Usted tiene derecho a revocar cualquier consentimiento que haya otorgado y a acceder a la informaci\u00f3n que tenemos de usted, a rectificarla, a suprimirla, a oponerse a su tratamiento, a solicitar la limitaci\u00f3n del tratamiento o a pedir la portabilidad de sus datos.<\/p><p>Para ello, tan s\u00f3lo precisa comunicarlo mediante escrito firmado, adjuntando una fotocopia de cualquier documento oficial v\u00e1lido que acredite su identidad (DNI, pasaporte\u2026), dirigido a: LABORATORIO DE COMPLEMENTOS NUTRICIONALES, 1955, S.L., c\/ Par\u00eds 184, 2\u00ba-2\u00aa, 08036, Barcelona. Tel\u00e9fono 93 414 51 66. E-mail: <a href=\"mailto:mdiaz@laboratoriolcn.com.\">\u00a0info@laboratoriolcn.com<\/a> Tambi\u00e9n tiene derecho a presentar una reclamaci\u00f3n ante una Autoridad de Control.<\/p><p>En caso de ejercicio de derechos por medio de representante, ser\u00e1 necesario que la solicitud se acompa\u00f1e de autorizaci\u00f3n expresa y copia de DNI, pasaporte o documento oficial equivalente del representante y del representado.<\/p><p><strong>\u00bfC\u00d3MO PROTEGEMOS SUS DATOS?<\/strong><\/p><p>Todos los datos almacenados en LCN est\u00e1n protegidos por medidas f\u00edsicas, t\u00e9cnicas y organizativas para restringir el acceso a la informaci\u00f3n \u00fanicamente al personal autorizado garantizando su integridad, disponibilidad y confidencialidad.<\/p>\t\t\t\t\t\t\t\t<\/div>\n\t\t\t\t<\/div>\n\t\t\t\t\t<\/div>\n\t\t<\/div>\n\t\t\t\t\t<\/div>\n\t\t<\/section>\n\t\t\t\t<\/div>\n\t\t","protected":false},"excerpt":{"rendered":"<p>If you do not provide us with all the data requested in the corresponding form, we may not be able to fulfil your request. DATA CONTROLLER In compliance with the General Data Protection Regulation (EU) 2016\/679 and Spanish Organic Law 3\/2018, of 5 December, on the Protection of Personal Data and the guarantee of digital [&hellip;]<\/p>\n","protected":false},"author":1,"featured_media":0,"parent":0,"menu_order":59,"comment_status":"closed","ping_status":"open","template":"","meta":{"_acf_changed":false,"footnotes":""},"class_list":["post-7826","page","type-page","status-publish","hentry"],"acf":[],"_links":{"self":[{"href":"https:\/\/www.laboratoriolcn.com\/en\/wp-json\/wp\/v2\/pages\/7826","targetHints":{"allow":["GET"]}}],"collection":[{"href":"https:\/\/www.laboratoriolcn.com\/en\/wp-json\/wp\/v2\/pages"}],"about":[{"href":"https:\/\/www.laboratoriolcn.com\/en\/wp-json\/wp\/v2\/types\/page"}],"author":[{"embeddable":true,"href":"https:\/\/www.laboratoriolcn.com\/en\/wp-json\/wp\/v2\/users\/1"}],"replies":[{"embeddable":true,"href":"https:\/\/www.laboratoriolcn.com\/en\/wp-json\/wp\/v2\/comments?post=7826"}],"version-history":[{"count":2,"href":"https:\/\/www.laboratoriolcn.com\/en\/wp-json\/wp\/v2\/pages\/7826\/revisions"}],"predecessor-version":[{"id":9616,"href":"https:\/\/www.laboratoriolcn.com\/en\/wp-json\/wp\/v2\/pages\/7826\/revisions\/9616"}],"wp:attachment":[{"href":"https:\/\/www.laboratoriolcn.com\/en\/wp-json\/wp\/v2\/media?parent=7826"}],"curies":[{"name":"wp","href":"https:\/\/api.w.org\/{rel}","templated":true}]}}